{"id":250,"date":"2024-04-11T16:17:17","date_gmt":"2024-04-11T16:17:17","guid":{"rendered":"http:\/\/festivaltangoenvenado.com.ar\/web\/?page_id=250"},"modified":"2024-04-30T17:53:25","modified_gmt":"2024-04-30T17:53:25","slug":"reglamento-2","status":"publish","type":"page","link":"https:\/\/festivaltangoenvenado.com.ar\/web\/reglamento-2\/","title":{"rendered":"Reglamento"},"content":{"rendered":"\t\t<div data-elementor-type=\"wp-page\" data-elementor-id=\"250\" class=\"elementor elementor-250\">\n\t\t\t\t\t\t<section class=\"elementor-section elementor-top-section elementor-element elementor-element-4cd15ad elementor-section-boxed elementor-section-height-default elementor-section-height-default\" data-id=\"4cd15ad\" data-element_type=\"section\" data-e-type=\"section\">\n\t\t\t\t\t\t<div class=\"elementor-container elementor-column-gap-default\">\n\t\t\t\t\t<div class=\"elementor-column elementor-col-100 elementor-top-column elementor-element elementor-element-0d7ea69\" data-id=\"0d7ea69\" data-element_type=\"column\" data-e-type=\"column\">\n\t\t\t<div class=\"elementor-widget-wrap elementor-element-populated\">\n\t\t\t\t\t\t<div class=\"elementor-element elementor-element-1963a08 elementor-widget elementor-widget-image\" data-id=\"1963a08\" data-element_type=\"widget\" data-e-type=\"widget\" data-widget_type=\"image.default\">\n\t\t\t\t<div class=\"elementor-widget-container\">\n\t\t\t\t\t\t\t\t\t\t\t\t\t\t\t<img fetchpriority=\"high\" decoding=\"async\" width=\"821\" height=\"392\" src=\"https:\/\/festivaltangoenvenado.com.ar\/web\/wp-content\/uploads\/2024\/04\/Reglamento-SubsedeBsAs.jpg\" class=\"attachment-large size-large wp-image-252\" alt=\"\" srcset=\"https:\/\/festivaltangoenvenado.com.ar\/web\/wp-content\/uploads\/2024\/04\/Reglamento-SubsedeBsAs.jpg 821w, https:\/\/festivaltangoenvenado.com.ar\/web\/wp-content\/uploads\/2024\/04\/Reglamento-SubsedeBsAs-300x143.jpg 300w, https:\/\/festivaltangoenvenado.com.ar\/web\/wp-content\/uploads\/2024\/04\/Reglamento-SubsedeBsAs-768x367.jpg 768w\" sizes=\"(max-width: 821px) 100vw, 821px\" \/>\t\t\t\t\t\t\t\t\t\t\t\t\t\t\t<\/div>\n\t\t\t\t<\/div>\n\t\t\t\t<div class=\"elementor-element elementor-element-79f7a7e elementor-widget elementor-widget-heading\" data-id=\"79f7a7e\" data-element_type=\"widget\" data-e-type=\"widget\" data-widget_type=\"heading.default\">\n\t\t\t\t<div class=\"elementor-widget-container\">\n\t\t\t\t\t<h2 class=\"elementor-heading-title elementor-size-default\">Reglamento Tango Envenado Bs.As <\/h2>\t\t\t\t<\/div>\n\t\t\t\t<\/div>\n\t\t\t\t\t<\/div>\n\t\t<\/div>\n\t\t\t\t\t<\/div>\n\t\t<\/section>\n\t\t\t\t<section class=\"elementor-section elementor-top-section elementor-element elementor-element-72d6171 elementor-section-boxed elementor-section-height-default elementor-section-height-default\" data-id=\"72d6171\" data-element_type=\"section\" data-e-type=\"section\">\n\t\t\t\t\t\t<div class=\"elementor-container elementor-column-gap-default\">\n\t\t\t\t\t<div class=\"elementor-column elementor-col-100 elementor-top-column elementor-element elementor-element-5dc320a\" data-id=\"5dc320a\" data-element_type=\"column\" data-e-type=\"column\">\n\t\t\t<div class=\"elementor-widget-wrap\">\n\t\t\t\t\t\t\t<\/div>\n\t\t<\/div>\n\t\t\t\t\t<\/div>\n\t\t<\/section>\n\t\t\t\t<section class=\"elementor-section elementor-top-section elementor-element elementor-element-9cdeb1b elementor-section-boxed elementor-section-height-default elementor-section-height-default\" data-id=\"9cdeb1b\" data-element_type=\"section\" data-e-type=\"section\">\n\t\t\t\t\t\t<div class=\"elementor-container elementor-column-gap-default\">\n\t\t\t\t\t<div class=\"elementor-column elementor-col-100 elementor-top-column elementor-element elementor-element-35982bf\" data-id=\"35982bf\" data-element_type=\"column\" data-e-type=\"column\">\n\t\t\t<div class=\"elementor-widget-wrap elementor-element-populated\">\n\t\t\t\t\t\t<div class=\"elementor-element elementor-element-29da63f elementor-widget elementor-widget-text-editor\" data-id=\"29da63f\" data-element_type=\"widget\" data-e-type=\"widget\" data-widget_type=\"text-editor.default\">\n\t\t\t\t<div class=\"elementor-widget-container\">\n\t\t\t\t\t\t\t\t\t<p><b>DISPOSICIONES GENERALES:\u00a0<\/b><\/p><p><span style=\"font-weight: 400;\">El\u00a0 Campeonato de baile de Tango Envenado, tiene como 1\u00b0 objetivo promover y reactivar nuestra m\u00fasica ciudadana, a trav\u00e9s del baile, es por eso que recurrimos a ustedes, para que sean part\u00edcipes de este importante evento, que es para nosotros y nuestra ciudad, y tambi\u00e9n queremos que sea incentivo para los j\u00f3venes y adultos.<\/span><\/p><p><b>Categor\u00edas Tango de Pista :<\/b><\/p><p><b>1) Categor\u00eda Adulto AMATEURS<\/b><span style=\"font-weight: 400;\">\u00a0 (-50 a\u00f1os hasta la fecha de inicio del Festival)<\/span><\/p><p><b>2) Categor\u00eda Senior AMATEURS<\/b><span style=\"font-weight: 400;\"> (+50 a\u00f1os hasta la fecha de inicio del Festival)<\/span><\/p><p><b>3) Categor\u00eda PROFESIONALES<\/b><span style=\"font-weight: 400;\"> (\u00fanica categor\u00eda)<\/span><\/p><p><b>Inscripci\u00f3n<\/b><\/p><p><b>POD\u00c9S DEFENDER EL T\u00cdTULO&#8230;.!!! todos los campeones de a\u00f1os anteriores, se pueden volver a presentar &#8230;.!!!!<\/b><\/p><ul><li style=\"font-weight: 400;\" aria-level=\"1\"><span style=\"font-weight: 400;\">Para la categor\u00eda Tango de Pista deben ser mayores de 16 a\u00f1os, con autorizaci\u00f3n por escrito de los padres.\u00a0<\/span><\/li><li style=\"font-weight: 400;\" aria-level=\"1\"><span style=\"font-weight: 400;\">Podr\u00e1n inscribirse en m\u00e1s de una categor\u00eda, no siendo necesario constituir la misma pareja en todas las categor\u00edas en que se inscriban, siempre y cuando est\u00e9s dentro de los requisitos de cada categor\u00eda.\u00a0<\/span><\/li><li style=\"font-weight: 400;\" aria-level=\"1\"><span style=\"font-weight: 400;\">Se paga por cada categor\u00eda en que te inscribas.<\/span><\/li><\/ul><p><b>Podr\u00e1n inscribirse:<\/b><\/p><p><b>Por mail:<\/b><span style=\"font-weight: 400;\"> campeonatotangopista@gmail.com<\/span><\/p><p><b>Cel:<\/b><span style=\"font-weight: 400;\"> +54 9 11 3756 0479<\/span><\/p><p><b>Para acreditarse:<\/b><\/p><p><span style=\"font-weight: 400;\">Todos los participantes deber\u00e1n concurrir en la fecha y horario en que sean citados por la Organizaci\u00f3n, siendo obligatoria la presentaci\u00f3n del documento de identidad. En ese momento, se les entregar\u00e1 el N\u00ba con el que participar\u00e1n y se les informar\u00e1 sobre horarios aproximados en las que se llevar\u00e1n a cabo sus presentaciones en las diferentes instancias de la categor\u00eda correspondiente.<\/span><\/p><p><b>Requisitos :<\/b><\/p><p><span style=\"font-weight: 400;\">Las parejas se anotan hasta completar el cupo .<\/span><\/p><p><span style=\"font-weight: 400;\">\ud83d\udc49Si los dos integrantes son AMATEURS, pero un integrante de la pareja es menor de 50 a\u00f1os, compiten en categor\u00eda ADULTOS AMATEURS.<\/span><\/p><p><span style=\"font-weight: 400;\">\ud83d\udc49Si un integrante de la pareja es profesional, compiten en la Categor\u00eda PROFESIONALES. Se consideran profesionales a aquellas personas que dictan clases de Tango REGULARMENTE, realizan exhibiciones en Festivales, hacen giras dentro y fuera del pa\u00eds.\u00a0<\/span><\/p><p><span style=\"font-weight: 400;\">\ud83d\udc49Las parejas podr\u00e1n constituirse de personas de igual o distinto g\u00e9nero.<\/span><\/p><p><span style=\"font-weight: 400;\">\ud83d\udc49Una de las funciones del Veedor es verificar si son Amateurs o Profesionales (se aceptan denuncias) de ser as\u00ed, NO se los descalifican, simplemente se los cambia de categor\u00eda.<\/span><\/p><p><span style=\"font-weight: 400;\">Se bailar\u00e1n 3 temas a elecci\u00f3n del jurado. El certamen se desarrollar\u00e1 en 3 etapas de definici\u00f3n:\u00a0<\/span><\/p><p><span style=\"font-weight: 400;\">-Rondas clasificatorias\u00a0<\/span><\/p><p><span style=\"font-weight: 400;\">-Semifinal\u00a0<\/span><\/p><p><span style=\"font-weight: 400;\">-Final\u00a0<\/span><\/p><p><span style=\"font-weight: 400;\">La cantidad de parejas por ronda se har\u00e1 de acuerdo a la cantidad de parejas inscriptas.<\/span><\/p><p><b>Par\u00e1metros de la evaluaci\u00f3n en Tango Sal\u00f3n:<\/b><\/p><p><span style=\"font-weight: 400;\">\u2714 La pareja una vez conformada no podr\u00e1 romper el abrazo, entendi\u00e9ndose que \u2013en determinadas figuras\u2013 esto puede ser el\u00e1stico, pero no en toda la duraci\u00f3n de la danza.\u00a0\u00a0<\/span><\/p><p><span style=\"font-weight: 400;\">\u2714\u00a0 Quedan excluidos\u00a0 saltos, trucos de aire y todo lo referente al tango escenario.\u00a0<\/span><\/p><p><span style=\"font-weight: 400;\">\u2714 Dentro de estos par\u00e1metros de observaci\u00f3n, se podr\u00e1n realizar todas las figuras que son de uso popular, dentro de la milonga.\u00a0<\/span><\/p><p><span style=\"font-weight: 400;\">\u2714 El jurado tomar\u00e1 en cuenta, el <\/span><span style=\"font-weight: 400;\">abrazo, la musicalidad, la t\u00e9cnica y la elegancia.<\/span><span style=\"font-weight: 400;\">\u00a0<\/span><\/p><p><span style=\"font-weight: 400;\">\u2714 El jurado <\/span><b>NO tendr\u00e1 en cuenta el vestuario de los participantes.<\/b><span style=\"font-weight: 400;\">\u00a0\u00a0<\/span><\/p><p><span style=\"font-weight: 400;\">\u2714 Las parejas, como en el sal\u00f3n de baile, deber\u00e1n trasladarse constantemente en el sentido contrario al que siguen las agujas del reloj, no pudiendo demorarse en un mismo punto del espacio coreogr\u00e1fico ya que esto <\/span><span style=\"font-weight: 400;\">entorpecer\u00eda la circulaci\u00f3n de la ronda de baile,<\/span><b> si no circulan ser\u00e1n descalificados<\/b><\/p><h2><b>LA CALIFICACI\u00d3N:<\/b><\/h2><p><span style=\"font-weight: 400;\">Cada competencia se puntuar\u00e1 por un jurado de al menos de 4 personas, conformadas por profesionales de la danza.<\/span><\/p><p><span style=\"font-weight: 400;\">Calificar\u00e1n con el puntaje de 1 (uno) al 10 (diez) con decimales los \u00edtems para la evaluaci\u00f3n a cada una de las parejas.<\/span><\/p><p><span style=\"font-weight: 400;\">El puntaje de las presentaciones de cada instancia surgir\u00e1 de la acumulaci\u00f3n de puntos otorgados por cada jurado. A partir del puntaje obtenido se obtendr\u00e1 un promedio resultante de dividir el total por la cantidad de integrantes del jurado que hayan votado.<\/span><\/p><p><span style=\"font-weight: 400;\">En caso de empate entre el 1\u00b0 primer puesto , las parejas que hayan obtenido el mismo puntaje, deber\u00e1n bailar los temas que sean necesarios hasta que la votaci\u00f3n del jurado arroje un ganador.<\/span><\/p><p><b>EL JURADO:<\/b><\/p><p><span style=\"font-weight: 400;\">El JURADO est\u00e1 compuesto por profesionales de la Danza Tango, con trayectoria y experiencia en el tema. Una de las caracter\u00edsticas m\u00e1s importantes de este Campeonato, es que se eligen jurados del Mundial de TangoBA, los cuales se desempe\u00f1ar\u00e1n con la \u00e9tica profesional y transparencia que la tarea amerita. En cada una de las rondas clasificatorias el jurado estar\u00e1 compuesto por 3 integrantes. En la semifinal por 4 integrantes. En la final por 6 integrantes. La decisi\u00f3n del jurado ser\u00e1 inapelable, pudiendo acercarse los bailarines, <\/span><span style=\"font-weight: 400;\">una vez terminado el certamen<\/span><span style=\"font-weight: 400;\"> para una devoluci\u00f3n.<\/span><\/p><h2><b>El VEEDOR :<\/b><\/h2><h2><span style=\"font-weight: 400;\">Tambi\u00e9n el\u00a0 veedor tiene experiencia en el Mundial de TangoBA.\u00a0 El\u00a0 tendr\u00e1 la responsabilidad de garantizar el cumplimiento del presente reglamento y de la \u00e9tica profesional del Jurado.<\/span><\/h2><p><span style=\"font-weight: 400;\">Todo reclamo sobre la competencia deber\u00e1 ser dirigido al veedor y no al Jurado.<\/span><\/p><p><b>VOTO DEL P\u00daBLICO :<\/b><\/p><p><span style=\"font-weight: 400;\">El p\u00fablico participa con su voto en la instancia FINAL, eligiendo a su pareja favorita. La votaci\u00f3n se realizar\u00e1 por un formulario de Google que se comparte por WhatsApp. Saliendo de esta votaci\u00f3n LOS CAMPEONES ELEGIDOS POR EL P\u00daBLICO.<\/span><\/p><p><b>DE LA ORGANIZACI\u00d3N:<\/b><\/p><p><span style=\"font-weight: 400;\">La Organizaci\u00f3n no se har\u00e1 responsable por los retrasos e imprevistos que pudieran surgir, por cualquier causa, en el momento de la presentaci\u00f3n de los diferentes concursantes en las distintas rondas.<\/span><\/p><p>\u00a0<\/p><p><span style=\"font-weight: 400;\">La Organizaci\u00f3n se reserva el derecho de tomar registro de todas las instancias del FESTIVAL DE TANGO ENVENADO , mediante cualquier tipo de soporte conocido o por conocerse \u2013incluyendo, sin limitar, la filmaci\u00f3n, grabaci\u00f3n, fotograf\u00eda, digitalizaci\u00f3n, etc\u00e9tera\u2013, por s\u00ed o mediante terceros autorizados a tal efecto, a fin de promocionar y difundir el mismo. La sola inscripci\u00f3n en el FESTIVAL DE TANGO ENVENADO\u00a0 implica la autorizaci\u00f3n expresa e irrevocable de los participantes sobre el uso de los registros realizados, sin que ello suponga \u2013\u00f3 haga suponer\u2013 ning\u00fan tipo de pago, por ninguna causa que se pretenda, por parte del LA ORGANIZACI\u00d3N a favor de ninguna persona u organizaci\u00f3n que se atribuya potestad sobre los derechos que se pudieran invocar. Esta cl\u00e1usula incluye tambi\u00e9n, sin limitar, el material fotogr\u00e1fico que se publique y\/o que se disponga para promoci\u00f3n, publicidad, etc.<\/span><\/p><p><br \/><br \/><br \/><\/p>\t\t\t\t\t\t\t\t<\/div>\n\t\t\t\t<\/div>\n\t\t\t\t\t<\/div>\n\t\t<\/div>\n\t\t\t\t\t<\/div>\n\t\t<\/section>\n\t\t\t\t<\/div>\n\t\t","protected":false},"excerpt":{"rendered":"<p>Reglamento Tango Envenado Bs.As DISPOSICIONES GENERALES:\u00a0 El\u00a0 Campeonato de baile de Tango Envenado, tiene como 1\u00b0 objetivo promover y reactivar nuestra m\u00fasica ciudadana, a trav\u00e9s del baile, es por eso que recurrimos a ustedes, para que sean part\u00edcipes de este importante evento, que es para nosotros y nuestra ciudad, y tambi\u00e9n queremos que sea incentivo&hellip;&nbsp;<a href=\"https:\/\/festivaltangoenvenado.com.ar\/web\/reglamento-2\/\" rel=\"bookmark\">Leer m\u00e1s &raquo;<span class=\"screen-reader-text\">Reglamento<\/span><\/a><\/p>\n","protected":false},"author":2,"featured_media":0,"parent":0,"menu_order":0,"comment_status":"closed","ping_status":"closed","template":"page-templates\/template-pagebuilder-full-width.php","meta":{"_monsterinsights_skip_tracking":false,"_monsterinsights_sitenote_active":false,"_monsterinsights_sitenote_note":"","_monsterinsights_sitenote_category":0,"neve_meta_sidebar":"","neve_meta_container":"","neve_meta_enable_content_width":"","neve_meta_content_width":0,"neve_meta_title_alignment":"","neve_meta_author_avatar":"","neve_post_elements_order":"","neve_meta_disable_header":"","neve_meta_disable_footer":"","neve_meta_disable_title":"","footnotes":""},"class_list":["post-250","page","type-page","status-publish","hentry"],"aioseo_notices":[],"_links":{"self":[{"href":"https:\/\/festivaltangoenvenado.com.ar\/web\/wp-json\/wp\/v2\/pages\/250","targetHints":{"allow":["GET"]}}],"collection":[{"href":"https:\/\/festivaltangoenvenado.com.ar\/web\/wp-json\/wp\/v2\/pages"}],"about":[{"href":"https:\/\/festivaltangoenvenado.com.ar\/web\/wp-json\/wp\/v2\/types\/page"}],"author":[{"embeddable":true,"href":"https:\/\/festivaltangoenvenado.com.ar\/web\/wp-json\/wp\/v2\/users\/2"}],"replies":[{"embeddable":true,"href":"https:\/\/festivaltangoenvenado.com.ar\/web\/wp-json\/wp\/v2\/comments?post=250"}],"version-history":[{"count":7,"href":"https:\/\/festivaltangoenvenado.com.ar\/web\/wp-json\/wp\/v2\/pages\/250\/revisions"}],"predecessor-version":[{"id":258,"href":"https:\/\/festivaltangoenvenado.com.ar\/web\/wp-json\/wp\/v2\/pages\/250\/revisions\/258"}],"wp:attachment":[{"href":"https:\/\/festivaltangoenvenado.com.ar\/web\/wp-json\/wp\/v2\/media?parent=250"}],"curies":[{"name":"wp","href":"https:\/\/api.w.org\/{rel}","templated":true}]}}