{"id":335,"date":"2024-06-14T16:35:39","date_gmt":"2024-06-14T16:35:39","guid":{"rendered":"http:\/\/festivaltangoenvenado.com.ar\/web\/?page_id=335"},"modified":"2024-06-27T13:25:04","modified_gmt":"2024-06-27T13:25:04","slug":"stands","status":"publish","type":"page","link":"https:\/\/festivaltangoenvenado.com.ar\/web\/stands\/","title":{"rendered":"Stands"},"content":{"rendered":"\n<p>\u00a1Bienvenidos al Festival Tango Envenado!<br>El mismo tendr\u00e1 lugar del 10 al 12 de Octubre 2024, en Venado Tuerto. Son 3 d\u00edas en los que participan m\u00e1s de 500 personas en diversas actividades y tiene alcance Nacional e Internacional.<br>Hay 4 opciones con precio y propuesta: Solo Stand, Solo Premio, Stand + Premio y Stand con Exclusividad.<br>\u00a1Cont\u00e1ctanos por el bot\u00f3n de abajo y obten\u00e9 m\u00e1s informaci\u00f3n!<\/p>\n\n\n\n<figure class=\"wp-block-gallery has-nested-images columns-default is-cropped wp-block-gallery-1 is-layout-flex wp-block-gallery-is-layout-flex\">\n<figure class=\"wp-block-image size-large\"><a href=\"https:\/\/festivaltangoenvenado.com.ar\/web\/wp-content\/uploads\/2024\/06\/WhatsApp-Image-2024-06-13-at-10.48.30-2.jpeg\"><img fetchpriority=\"high\" decoding=\"async\" width=\"829\" height=\"1024\" data-id=\"320\" src=\"https:\/\/festivaltangoenvenado.com.ar\/web\/wp-content\/uploads\/2024\/06\/WhatsApp-Image-2024-06-13-at-10.48.30-2-829x1024.jpeg\" alt=\"\" class=\"wp-image-320\" srcset=\"https:\/\/festivaltangoenvenado.com.ar\/web\/wp-content\/uploads\/2024\/06\/WhatsApp-Image-2024-06-13-at-10.48.30-2-829x1024.jpeg 829w, https:\/\/festivaltangoenvenado.com.ar\/web\/wp-content\/uploads\/2024\/06\/WhatsApp-Image-2024-06-13-at-10.48.30-2-243x300.jpeg 243w, https:\/\/festivaltangoenvenado.com.ar\/web\/wp-content\/uploads\/2024\/06\/WhatsApp-Image-2024-06-13-at-10.48.30-2-768x949.jpeg 768w, https:\/\/festivaltangoenvenado.com.ar\/web\/wp-content\/uploads\/2024\/06\/WhatsApp-Image-2024-06-13-at-10.48.30-2.jpeg 1080w\" sizes=\"(max-width: 829px) 100vw, 829px\" \/><\/a><\/figure>\n\n\n\n<figure class=\"wp-block-image size-large is-style-rounded\"><a href=\"https:\/\/festivaltangoenvenado.com.ar\/web\/wp-content\/uploads\/2024\/06\/WhatsApp-Image-2024-06-13-at-10.48.31-1.jpeg\"><img decoding=\"async\" width=\"819\" height=\"1024\" data-id=\"321\" src=\"https:\/\/festivaltangoenvenado.com.ar\/web\/wp-content\/uploads\/2024\/06\/WhatsApp-Image-2024-06-13-at-10.48.31-1-819x1024.jpeg\" alt=\"\" class=\"wp-image-321\" srcset=\"https:\/\/festivaltangoenvenado.com.ar\/web\/wp-content\/uploads\/2024\/06\/WhatsApp-Image-2024-06-13-at-10.48.31-1-819x1024.jpeg 819w, https:\/\/festivaltangoenvenado.com.ar\/web\/wp-content\/uploads\/2024\/06\/WhatsApp-Image-2024-06-13-at-10.48.31-1-240x300.jpeg 240w, https:\/\/festivaltangoenvenado.com.ar\/web\/wp-content\/uploads\/2024\/06\/WhatsApp-Image-2024-06-13-at-10.48.31-1-768x960.jpeg 768w, https:\/\/festivaltangoenvenado.com.ar\/web\/wp-content\/uploads\/2024\/06\/WhatsApp-Image-2024-06-13-at-10.48.31-1.jpeg 1066w\" sizes=\"(max-width: 819px) 100vw, 819px\" \/><\/a><\/figure>\n\n\n\n<figure class=\"wp-block-image size-large\"><a href=\"https:\/\/festivaltangoenvenado.com.ar\/web\/wp-content\/uploads\/2024\/06\/WhatsApp-Image-2024-06-13-at-10.48.31.jpeg\"><img decoding=\"async\" width=\"833\" height=\"1024\" data-id=\"322\" src=\"https:\/\/festivaltangoenvenado.com.ar\/web\/wp-content\/uploads\/2024\/06\/WhatsApp-Image-2024-06-13-at-10.48.31-833x1024.jpeg\" alt=\"\" class=\"wp-image-322\" srcset=\"https:\/\/festivaltangoenvenado.com.ar\/web\/wp-content\/uploads\/2024\/06\/WhatsApp-Image-2024-06-13-at-10.48.31-833x1024.jpeg 833w, https:\/\/festivaltangoenvenado.com.ar\/web\/wp-content\/uploads\/2024\/06\/WhatsApp-Image-2024-06-13-at-10.48.31-244x300.jpeg 244w, https:\/\/festivaltangoenvenado.com.ar\/web\/wp-content\/uploads\/2024\/06\/WhatsApp-Image-2024-06-13-at-10.48.31-768x944.jpeg 768w, https:\/\/festivaltangoenvenado.com.ar\/web\/wp-content\/uploads\/2024\/06\/WhatsApp-Image-2024-06-13-at-10.48.31.jpeg 1080w\" sizes=\"(max-width: 833px) 100vw, 833px\" \/><\/a><\/figure>\n\n\n\n<figure class=\"wp-block-image size-large\"><a href=\"https:\/\/festivaltangoenvenado.com.ar\/web\/wp-content\/uploads\/2024\/06\/WhatsApp-Image-2024-06-13-at-10.48.29.jpeg\"><img loading=\"lazy\" decoding=\"async\" width=\"1024\" height=\"668\" data-id=\"323\" src=\"https:\/\/festivaltangoenvenado.com.ar\/web\/wp-content\/uploads\/2024\/06\/WhatsApp-Image-2024-06-13-at-10.48.29-1024x668.jpeg\" alt=\"\" class=\"wp-image-323\" srcset=\"https:\/\/festivaltangoenvenado.com.ar\/web\/wp-content\/uploads\/2024\/06\/WhatsApp-Image-2024-06-13-at-10.48.29-1024x668.jpeg 1024w, https:\/\/festivaltangoenvenado.com.ar\/web\/wp-content\/uploads\/2024\/06\/WhatsApp-Image-2024-06-13-at-10.48.29-300x196.jpeg 300w, https:\/\/festivaltangoenvenado.com.ar\/web\/wp-content\/uploads\/2024\/06\/WhatsApp-Image-2024-06-13-at-10.48.29-768x501.jpeg 768w, https:\/\/festivaltangoenvenado.com.ar\/web\/wp-content\/uploads\/2024\/06\/WhatsApp-Image-2024-06-13-at-10.48.29.jpeg 1080w\" sizes=\"(max-width: 1024px) 100vw, 1024px\" \/><\/a><\/figure>\n\n\n\n<figure class=\"wp-block-image size-large\"><a href=\"https:\/\/festivaltangoenvenado.com.ar\/web\/wp-content\/uploads\/2024\/06\/WhatsApp-Image-2024-06-13-at-10.48.30-1.jpeg\"><img loading=\"lazy\" decoding=\"async\" width=\"828\" height=\"1024\" data-id=\"324\" src=\"https:\/\/festivaltangoenvenado.com.ar\/web\/wp-content\/uploads\/2024\/06\/WhatsApp-Image-2024-06-13-at-10.48.30-1-828x1024.jpeg\" alt=\"\" class=\"wp-image-324\" srcset=\"https:\/\/festivaltangoenvenado.com.ar\/web\/wp-content\/uploads\/2024\/06\/WhatsApp-Image-2024-06-13-at-10.48.30-1-828x1024.jpeg 828w, https:\/\/festivaltangoenvenado.com.ar\/web\/wp-content\/uploads\/2024\/06\/WhatsApp-Image-2024-06-13-at-10.48.30-1-243x300.jpeg 243w, https:\/\/festivaltangoenvenado.com.ar\/web\/wp-content\/uploads\/2024\/06\/WhatsApp-Image-2024-06-13-at-10.48.30-1-768x950.jpeg 768w, https:\/\/festivaltangoenvenado.com.ar\/web\/wp-content\/uploads\/2024\/06\/WhatsApp-Image-2024-06-13-at-10.48.30-1.jpeg 1080w\" sizes=\"(max-width: 828px) 100vw, 828px\" \/><\/a><\/figure>\n\n\n\n<figure class=\"wp-block-image size-large is-style-rounded\"><a href=\"https:\/\/festivaltangoenvenado.com.ar\/web\/wp-content\/uploads\/2024\/06\/WhatsApp-Image-2024-06-13-at-10.48.30.jpeg\"><img loading=\"lazy\" decoding=\"async\" width=\"1024\" height=\"669\" data-id=\"325\" src=\"https:\/\/festivaltangoenvenado.com.ar\/web\/wp-content\/uploads\/2024\/06\/WhatsApp-Image-2024-06-13-at-10.48.30-1024x669.jpeg\" alt=\"\" class=\"wp-image-325\" srcset=\"https:\/\/festivaltangoenvenado.com.ar\/web\/wp-content\/uploads\/2024\/06\/WhatsApp-Image-2024-06-13-at-10.48.30-1024x669.jpeg 1024w, https:\/\/festivaltangoenvenado.com.ar\/web\/wp-content\/uploads\/2024\/06\/WhatsApp-Image-2024-06-13-at-10.48.30-300x196.jpeg 300w, https:\/\/festivaltangoenvenado.com.ar\/web\/wp-content\/uploads\/2024\/06\/WhatsApp-Image-2024-06-13-at-10.48.30-768x502.jpeg 768w, https:\/\/festivaltangoenvenado.com.ar\/web\/wp-content\/uploads\/2024\/06\/WhatsApp-Image-2024-06-13-at-10.48.30.jpeg 1080w\" sizes=\"(max-width: 1024px) 100vw, 1024px\" \/><\/a><\/figure>\n<\/figure>\n\n\n\n<h2 class=\"wp-block-heading\">\u00bfQuer\u00e9s participar contratando un Stand? <\/h2>\n\n\n\n<div class=\"wpcf7 no-js\" id=\"wpcf7-f398-o1\" lang=\"es-ES\" dir=\"ltr\" data-wpcf7-id=\"398\">\n<div class=\"screen-reader-response\"><p role=\"status\" aria-live=\"polite\" aria-atomic=\"true\"><\/p> <ul><\/ul><\/div>\n<form action=\"\/web\/wp-json\/wp\/v2\/pages\/335#wpcf7-f398-o1\" method=\"post\" class=\"wpcf7-form init\" aria-label=\"Formulario de contacto\" novalidate=\"novalidate\" data-status=\"init\">\n<fieldset class=\"hidden-fields-container\"><input type=\"hidden\" name=\"_wpcf7\" value=\"398\" \/><input type=\"hidden\" name=\"_wpcf7_version\" value=\"6.1.5\" \/><input type=\"hidden\" name=\"_wpcf7_locale\" value=\"es_ES\" \/><input type=\"hidden\" name=\"_wpcf7_unit_tag\" value=\"wpcf7-f398-o1\" \/><input type=\"hidden\" name=\"_wpcf7_container_post\" value=\"0\" \/><input type=\"hidden\" name=\"_wpcf7_posted_data_hash\" value=\"\" \/><input type=\"hidden\" name=\"_wpcf7_recaptcha_response\" value=\"\" \/>\n<\/fieldset>\n<p><label> Tu nombre<br \/>\n<span class=\"wpcf7-form-control-wrap\" data-name=\"your-name\"><input size=\"40\" maxlength=\"400\" class=\"wpcf7-form-control wpcf7-text wpcf7-validates-as-required\" autocomplete=\"name\" aria-required=\"true\" aria-invalid=\"false\" value=\"\" type=\"text\" name=\"your-name\" \/><\/span> <\/label>\n<\/p>\n<p><label> Tu correo electr\u00f3nico<br \/>\n<span class=\"wpcf7-form-control-wrap\" data-name=\"your-email\"><input size=\"40\" maxlength=\"400\" class=\"wpcf7-form-control wpcf7-email wpcf7-validates-as-required wpcf7-text wpcf7-validates-as-email\" autocomplete=\"email\" aria-required=\"true\" aria-invalid=\"false\" value=\"\" type=\"email\" name=\"your-email\" \/><\/span> <\/label>\n<\/p>\n<p><label> Asunto<br \/>\n<span class=\"wpcf7-form-control-wrap\" data-name=\"your-subject\"><input size=\"40\" maxlength=\"400\" class=\"wpcf7-form-control wpcf7-text wpcf7-validates-as-required\" aria-required=\"true\" aria-invalid=\"false\" value=\"\" type=\"text\" name=\"your-subject\" \/><\/span> <\/label>\n<\/p>\n<p><label> Tu mensaje (opcional)<br \/>\n<span class=\"wpcf7-form-control-wrap\" data-name=\"your-message\"><textarea cols=\"40\" rows=\"10\" maxlength=\"2000\" class=\"wpcf7-form-control wpcf7-textarea\" aria-invalid=\"false\" name=\"your-message\"><\/textarea><\/span> <\/label>\n<\/p>\n<p><input class=\"wpcf7-form-control wpcf7-submit has-spinner\" type=\"submit\" value=\"Enviar\" \/>\n<\/p><div class=\"wpcf7-response-output\" aria-hidden=\"true\"><\/div>\n<\/form>\n<\/div>\n\n","protected":false},"excerpt":{"rendered":"<p>\u00a1Bienvenidos al Festival Tango Envenado!El mismo tendr\u00e1 lugar del 10 al 12 de Octubre 2024, en Venado Tuerto. Son 3 d\u00edas en los que participan m\u00e1s de 500 personas en diversas actividades y tiene alcance Nacional e Internacional.Hay 4 opciones con precio y propuesta: Solo Stand, Solo Premio, Stand + Premio y Stand con Exclusividad.\u00a1Cont\u00e1ctanos&hellip;&nbsp;<a href=\"https:\/\/festivaltangoenvenado.com.ar\/web\/stands\/\" rel=\"bookmark\">Leer m\u00e1s &raquo;<span class=\"screen-reader-text\">Stands<\/span><\/a><\/p>\n","protected":false},"author":2,"featured_media":0,"parent":0,"menu_order":0,"comment_status":"closed","ping_status":"closed","template":"","meta":{"_monsterinsights_skip_tracking":false,"_monsterinsights_sitenote_active":false,"_monsterinsights_sitenote_note":"","_monsterinsights_sitenote_category":0,"neve_meta_sidebar":"","neve_meta_container":"","neve_meta_enable_content_width":"","neve_meta_content_width":0,"neve_meta_title_alignment":"","neve_meta_author_avatar":"","neve_post_elements_order":"","neve_meta_disable_header":"","neve_meta_disable_footer":"","neve_meta_disable_title":"","footnotes":""},"class_list":["post-335","page","type-page","status-publish","hentry"],"aioseo_notices":[],"_links":{"self":[{"href":"https:\/\/festivaltangoenvenado.com.ar\/web\/wp-json\/wp\/v2\/pages\/335","targetHints":{"allow":["GET"]}}],"collection":[{"href":"https:\/\/festivaltangoenvenado.com.ar\/web\/wp-json\/wp\/v2\/pages"}],"about":[{"href":"https:\/\/festivaltangoenvenado.com.ar\/web\/wp-json\/wp\/v2\/types\/page"}],"author":[{"embeddable":true,"href":"https:\/\/festivaltangoenvenado.com.ar\/web\/wp-json\/wp\/v2\/users\/2"}],"replies":[{"embeddable":true,"href":"https:\/\/festivaltangoenvenado.com.ar\/web\/wp-json\/wp\/v2\/comments?post=335"}],"version-history":[{"count":7,"href":"https:\/\/festivaltangoenvenado.com.ar\/web\/wp-json\/wp\/v2\/pages\/335\/revisions"}],"predecessor-version":[{"id":429,"href":"https:\/\/festivaltangoenvenado.com.ar\/web\/wp-json\/wp\/v2\/pages\/335\/revisions\/429"}],"wp:attachment":[{"href":"https:\/\/festivaltangoenvenado.com.ar\/web\/wp-json\/wp\/v2\/media?parent=335"}],"curies":[{"name":"wp","href":"https:\/\/api.w.org\/{rel}","templated":true}]}}