{"id":338,"date":"2024-06-14T16:38:48","date_gmt":"2024-06-14T16:38:48","guid":{"rendered":"http:\/\/festivaltangoenvenado.com.ar\/web\/?page_id=338"},"modified":"2024-08-28T17:03:23","modified_gmt":"2024-08-28T17:03:23","slug":"alojamiento-gratuito","status":"publish","type":"page","link":"https:\/\/festivaltangoenvenado.com.ar\/web\/alojamiento-gratuito\/","title":{"rendered":"Alojamiento Gratuito"},"content":{"rendered":"\t\t<div data-elementor-type=\"wp-page\" data-elementor-id=\"338\" class=\"elementor elementor-338\">\n\t\t\t\t\t\t<section class=\"elementor-section elementor-top-section elementor-element elementor-element-bca9c5c elementor-section-boxed elementor-section-height-default elementor-section-height-default\" data-id=\"bca9c5c\" data-element_type=\"section\" data-e-type=\"section\">\n\t\t\t\t\t\t<div class=\"elementor-container elementor-column-gap-default\">\n\t\t\t\t\t<div class=\"elementor-column elementor-col-33 elementor-top-column elementor-element elementor-element-b862f52\" data-id=\"b862f52\" data-element_type=\"column\" data-e-type=\"column\">\n\t\t\t<div class=\"elementor-widget-wrap elementor-element-populated\">\n\t\t\t\t\t\t<div class=\"elementor-element elementor-element-4dfa448 elementor-widget elementor-widget-image\" data-id=\"4dfa448\" data-element_type=\"widget\" data-e-type=\"widget\" data-widget_type=\"image.default\">\n\t\t\t\t<div class=\"elementor-widget-container\">\n\t\t\t\t\t\t\t\t\t\t\t\t\t\t\t<img fetchpriority=\"high\" decoding=\"async\" width=\"1024\" height=\"1024\" src=\"https:\/\/festivaltangoenvenado.com.ar\/web\/wp-content\/uploads\/2024\/06\/hospedajes-1024x1024.jpg\" class=\"attachment-large size-large wp-image-341\" alt=\"\" srcset=\"https:\/\/festivaltangoenvenado.com.ar\/web\/wp-content\/uploads\/2024\/06\/hospedajes-1024x1024.jpg 1024w, https:\/\/festivaltangoenvenado.com.ar\/web\/wp-content\/uploads\/2024\/06\/hospedajes-300x300.jpg 300w, https:\/\/festivaltangoenvenado.com.ar\/web\/wp-content\/uploads\/2024\/06\/hospedajes-150x150.jpg 150w, https:\/\/festivaltangoenvenado.com.ar\/web\/wp-content\/uploads\/2024\/06\/hospedajes-768x768.jpg 768w, https:\/\/festivaltangoenvenado.com.ar\/web\/wp-content\/uploads\/2024\/06\/hospedajes.jpg 1080w\" sizes=\"(max-width: 1024px) 100vw, 1024px\" \/>\t\t\t\t\t\t\t\t\t\t\t\t\t\t\t<\/div>\n\t\t\t\t<\/div>\n\t\t\t\t\t<\/div>\n\t\t<\/div>\n\t\t\t\t<div class=\"elementor-column elementor-col-66 elementor-top-column elementor-element elementor-element-87636b7\" data-id=\"87636b7\" data-element_type=\"column\" data-e-type=\"column\">\n\t\t\t<div class=\"elementor-widget-wrap elementor-element-populated\">\n\t\t\t\t\t\t<div class=\"elementor-element elementor-element-4389afe elementor-widget elementor-widget-text-editor\" data-id=\"4389afe\" data-element_type=\"widget\" data-e-type=\"widget\" data-widget_type=\"text-editor.default\">\n\t\t\t\t<div class=\"elementor-widget-container\">\n\t\t\t\t\t\t\t\t\t<h2>Combo Hospedaje Gratuito\u00a0<\/h2><p>\u00a1Bienvenidos al Festival Tango Envenado!<br \/>Estamos ofreciendo alojamiento gratuito para 80 personas. Es una oportunidad \u00fanica para aquellos que deseen unirse a nosotros en el <strong>FESTIVAL DE TANGO ENVENADO<\/strong> que se llevar\u00e1 a cabo los d\u00edas <strong>10, 11 y 12 de Octubre<\/strong> en Venado Tuerto.<br \/>Los cupos son extremadamente limitados y el \u00fanico requisito es comprar el <strong>PACK FULL<\/strong> del festival.<br \/>\u00a1Cont\u00e1ctanos por el bot\u00f3n de abajo y adquir\u00ed tu entrada completa!<\/p>\t\t\t\t\t\t\t\t<\/div>\n\t\t\t\t<\/div>\n\t\t\t\t\t<\/div>\n\t\t<\/div>\n\t\t\t\t\t<\/div>\n\t\t<\/section>\n\t\t\t\t<section class=\"elementor-section elementor-top-section elementor-element elementor-element-aa284bf elementor-section-boxed elementor-section-height-default elementor-section-height-default\" data-id=\"aa284bf\" data-element_type=\"section\" data-e-type=\"section\">\n\t\t\t\t\t\t<div class=\"elementor-container elementor-column-gap-default\">\n\t\t\t\t\t<div class=\"elementor-column elementor-col-100 elementor-top-column elementor-element elementor-element-e5a8269\" data-id=\"e5a8269\" data-element_type=\"column\" data-e-type=\"column\">\n\t\t\t<div class=\"elementor-widget-wrap elementor-element-populated\">\n\t\t\t\t\t\t\t<\/div>\n\t\t<\/div>\n\t\t\t\t\t<\/div>\n\t\t<\/section>\n\t\t\t\t<\/div>\n\t\t","protected":false},"excerpt":{"rendered":"<p>Combo Hospedaje Gratuito\u00a0 \u00a1Bienvenidos al Festival Tango Envenado!Estamos ofreciendo alojamiento gratuito para 80 personas. Es una oportunidad \u00fanica para aquellos que deseen unirse a nosotros en el FESTIVAL DE TANGO ENVENADO que se llevar\u00e1 a cabo los d\u00edas 10, 11 y 12 de Octubre en Venado Tuerto.Los cupos son extremadamente limitados y el \u00fanico requisito&hellip;&nbsp;<a href=\"https:\/\/festivaltangoenvenado.com.ar\/web\/alojamiento-gratuito\/\" rel=\"bookmark\">Leer m\u00e1s &raquo;<span class=\"screen-reader-text\">Alojamiento Gratuito<\/span><\/a><\/p>\n","protected":false},"author":2,"featured_media":0,"parent":0,"menu_order":0,"comment_status":"closed","ping_status":"closed","template":"page-templates\/template-pagebuilder-full-width.php","meta":{"_monsterinsights_skip_tracking":false,"_monsterinsights_sitenote_active":false,"_monsterinsights_sitenote_note":"","_monsterinsights_sitenote_category":0,"neve_meta_sidebar":"","neve_meta_container":"","neve_meta_enable_content_width":"","neve_meta_content_width":0,"neve_meta_title_alignment":"","neve_meta_author_avatar":"","neve_post_elements_order":"","neve_meta_disable_header":"","neve_meta_disable_footer":"","neve_meta_disable_title":"","footnotes":""},"class_list":["post-338","page","type-page","status-publish","hentry"],"aioseo_notices":[],"_links":{"self":[{"href":"https:\/\/festivaltangoenvenado.com.ar\/web\/wp-json\/wp\/v2\/pages\/338","targetHints":{"allow":["GET"]}}],"collection":[{"href":"https:\/\/festivaltangoenvenado.com.ar\/web\/wp-json\/wp\/v2\/pages"}],"about":[{"href":"https:\/\/festivaltangoenvenado.com.ar\/web\/wp-json\/wp\/v2\/types\/page"}],"author":[{"embeddable":true,"href":"https:\/\/festivaltangoenvenado.com.ar\/web\/wp-json\/wp\/v2\/users\/2"}],"replies":[{"embeddable":true,"href":"https:\/\/festivaltangoenvenado.com.ar\/web\/wp-json\/wp\/v2\/comments?post=338"}],"version-history":[{"count":34,"href":"https:\/\/festivaltangoenvenado.com.ar\/web\/wp-json\/wp\/v2\/pages\/338\/revisions"}],"predecessor-version":[{"id":437,"href":"https:\/\/festivaltangoenvenado.com.ar\/web\/wp-json\/wp\/v2\/pages\/338\/revisions\/437"}],"wp:attachment":[{"href":"https:\/\/festivaltangoenvenado.com.ar\/web\/wp-json\/wp\/v2\/media?parent=338"}],"curies":[{"name":"wp","href":"https:\/\/api.w.org\/{rel}","templated":true}]}}